{"id":32,"date":"2021-01-30T19:27:23","date_gmt":"2021-01-30T19:27:23","guid":{"rendered":"https:\/\/biava.com.br\/ead\/?page_id=32"},"modified":"2026-04-06T15:31:47","modified_gmt":"2026-04-06T15:31:47","slug":"inicio","status":"publish","type":"page","link":"https:\/\/biava.com.br\/ead\/","title":{"rendered":"In\u00edcio"},"content":{"rendered":"\t\t<div data-elementor-type=\"wp-page\" data-elementor-id=\"32\" class=\"elementor elementor-32\" data-elementor-settings=\"[]\">\n\t\t\t\t\t\t<div class=\"elementor-inner\">\n\t\t\t\t\t\t\t<div class=\"elementor-section-wrap\">\n\t\t\t\t\t\t\t<section class=\"elementor-section elementor-top-section elementor-element elementor-element-4697a0b6 elementor-section-boxed elementor-section-height-default elementor-section-height-default\" data-id=\"4697a0b6\" data-element_type=\"section\" data-settings=\"{&quot;background_background&quot;:&quot;classic&quot;,&quot;_ha_eqh_enable&quot;:false}\">\n\t\t\t\t\t\t\t<div class=\"elementor-background-overlay\"><\/div>\n\t\t\t\t\t\t\t<div class=\"elementor-container elementor-column-gap-default\">\n\t\t\t\t\t\t\t<div class=\"elementor-row\">\n\t\t\t\t\t<div class=\"elementor-column elementor-col-50 elementor-top-column elementor-element elementor-element-6202c720\" data-id=\"6202c720\" data-element_type=\"column\">\n\t\t\t<div class=\"elementor-column-wrap elementor-element-populated\">\n\t\t\t\t\t\t\t<div class=\"elementor-widget-wrap\">\n\t\t\t\t\t\t<div class=\"elementor-element elementor-element-6832a277 elementor-widget elementor-widget-text-editor\" data-id=\"6832a277\" data-element_type=\"widget\" data-widget_type=\"text-editor.default\">\n\t\t\t\t<div class=\"elementor-widget-container\">\n\t\t\t\t\t<div class=\"elementor-text-editor elementor-clearfix\"><p>&#8220;&#8230;\u00a0 DEDICAR O MELHOR DE NOSSOS ESFOR\u00c7OS PARA ATINGIR O INATING\u00cdVEL E NUNCA PARAR DE APRENDER.\u00a0&#8220;<\/p><\/div>\n\t\t\t\t<\/div>\n\t\t\t\t<\/div>\n\t\t\t\t<div class=\"elementor-element elementor-element-452d84da elementor-widget elementor-widget-text-editor\" data-id=\"452d84da\" data-element_type=\"widget\" data-widget_type=\"text-editor.default\">\n\t\t\t\t<div class=\"elementor-widget-container\">\n\t\t\t\t\t<div class=\"elementor-text-editor elementor-clearfix\"><span style=\"color: #ffffff;\">Ludwig van Beethoven<\/span><\/div>\n\t\t\t\t<\/div>\n\t\t\t\t<\/div>\n\t\t\t\t\t\t<\/div>\n\t\t\t\t\t<\/div>\n\t\t<\/div>\n\t\t\t\t<div class=\"elementor-column elementor-col-50 elementor-top-column elementor-element elementor-element-2931f08\" data-id=\"2931f08\" data-element_type=\"column\">\n\t\t\t<div class=\"elementor-column-wrap\">\n\t\t\t\t\t\t\t<div class=\"elementor-widget-wrap\">\n\t\t\t\t\t\t\t\t<\/div>\n\t\t\t\t\t<\/div>\n\t\t<\/div>\n\t\t\t\t\t\t\t\t<\/div>\n\t\t\t\t\t<\/div>\n\t\t<\/section>\n\t\t\t\t<section class=\"elementor-section elementor-top-section elementor-element elementor-element-a82e5fe elementor-section-boxed elementor-section-height-default elementor-section-height-default\" data-id=\"a82e5fe\" data-element_type=\"section\" id=\"cursos\" data-settings=\"{&quot;background_background&quot;:&quot;classic&quot;,&quot;_ha_eqh_enable&quot;:false}\">\n\t\t\t\t\t\t<div class=\"elementor-container elementor-column-gap-default\">\n\t\t\t\t\t\t\t<div class=\"elementor-row\">\n\t\t\t\t\t<div class=\"elementor-column elementor-col-100 elementor-top-column elementor-element elementor-element-a593171\" data-id=\"a593171\" data-element_type=\"column\">\n\t\t\t<div class=\"elementor-column-wrap elementor-element-populated\">\n\t\t\t\t\t\t\t<div class=\"elementor-widget-wrap\">\n\t\t\t\t\t\t<div class=\"elementor-element elementor-element-3e48a96 elementor-widget elementor-widget-heading\" data-id=\"3e48a96\" data-element_type=\"widget\" data-widget_type=\"heading.default\">\n\t\t\t\t<div class=\"elementor-widget-container\">\n\t\t\t<h2 class=\"elementor-heading-title elementor-size-default\">Conhe\u00e7a nossos cursos<\/h2>\t\t<\/div>\n\t\t\t\t<\/div>\n\t\t\t\t<div class=\"elementor-element elementor-element-b472f41 elementor-widget elementor-widget-jet-listing-grid\" data-id=\"b472f41\" data-element_type=\"widget\" data-widget_type=\"jet-listing-grid.default\">\n\t\t\t\t<div class=\"elementor-widget-container\">\n\t\t\t<div class=\"jet-listing-grid jet-listing\"><div class=\"jet-listing-grid__items grid-col-desk-4 grid-col-tablet-4 grid-col-mobile-1 jet-listing-grid--43 jet-equal-columns__wrapper\"  data-nav=\"{&quot;enabled&quot;:false,&quot;type&quot;:null,&quot;more_el&quot;:null,&quot;query&quot;:[],&quot;widget_settings&quot;:{&quot;lisitng_id&quot;:&quot;43&quot;,&quot;posts_num&quot;:80,&quot;columns&quot;:4,&quot;columns_tablet&quot;:4,&quot;columns_mobile&quot;:1,&quot;is_archive_template&quot;:&quot;&quot;,&quot;post_status&quot;:[&quot;publish&quot;],&quot;use_random_posts_num&quot;:&quot;&quot;,&quot;max_posts_num&quot;:9,&quot;not_found_message&quot;:&quot;Nenhum dado foi encontrado&quot;,&quot;is_masonry&quot;:&quot;&quot;,&quot;equal_columns_height&quot;:&quot;yes&quot;,&quot;use_load_more&quot;:&quot;&quot;,&quot;load_more_id&quot;:&quot;&quot;,&quot;load_more_type&quot;:&quot;click&quot;,&quot;use_custom_post_types&quot;:&quot;&quot;,&quot;custom_post_types&quot;:[],&quot;hide_widget_if&quot;:&quot;&quot;,&quot;carousel_enabled&quot;:&quot;&quot;,&quot;slides_to_scroll&quot;:&quot;1&quot;,&quot;arrows&quot;:&quot;true&quot;,&quot;arrow_icon&quot;:&quot;fa fa-angle-left&quot;,&quot;dots&quot;:&quot;&quot;,&quot;autoplay&quot;:&quot;true&quot;,&quot;autoplay_speed&quot;:5000,&quot;infinite&quot;:&quot;true&quot;,&quot;effect&quot;:&quot;slide&quot;,&quot;speed&quot;:500,&quot;inject_alternative_items&quot;:&quot;&quot;,&quot;injection_items&quot;:[],&quot;scroll_slider_enabled&quot;:&quot;&quot;,&quot;scroll_slider_on&quot;:[&quot;desktop&quot;,&quot;tablet&quot;,&quot;mobile&quot;],&quot;_element_id&quot;:&quot;&quot;}}\" data-page=\"1\" data-pages=\"1\" data-listing-source=\"posts\"><style>.elementor-43 .elementor-element.elementor-element-27502bb:not(.elementor-motion-effects-element-type-background) > .elementor-column-wrap, .elementor-43 .elementor-element.elementor-element-27502bb > .elementor-column-wrap > .elementor-motion-effects-container > .elementor-motion-effects-layer{background-color:#FFFFFF;}.elementor-43 .elementor-element.elementor-element-27502bb > .elementor-element-populated{border-style:solid;border-width:0px 0px 4px 0px;border-color:#FFFFFF;transition:background 0.3s, border 0.3s, border-radius 0.3s, box-shadow 0.3s;padding:10px 10px 20px 10px;}.elementor-43 .elementor-element.elementor-element-27502bb > .elementor-element-populated, .elementor-43 .elementor-element.elementor-element-27502bb > .elementor-element-populated > .elementor-background-overlay, .elementor-43 .elementor-element.elementor-element-27502bb > .elementor-background-slideshow{border-radius:10px 10px 10px 10px;}.elementor-43 .elementor-element.elementor-element-27502bb:hover > .elementor-element-populated{border-style:solid;border-width:0px 0px 4px 0px;border-color:var( --e-global-color-accent );}.elementor-43 .elementor-element.elementor-element-27502bb > .elementor-element-populated > .elementor-background-overlay{transition:background 0.3s, border-radius 0.3s, opacity 0.3s;}.elementor-43 .elementor-element.elementor-element-272719f .elementor-image img{height:250px;}.elementor-43 .elementor-element.elementor-element-0bc55e0 .jet-listing-dynamic-field__content{font-size:14px;font-weight:500;text-transform:uppercase;text-align:left;}.elementor-43 .elementor-element.elementor-element-0bc55e0 .jet-listing-dynamic-field .jet-listing-dynamic-field__inline-wrap{width:auto;}.elementor-43 .elementor-element.elementor-element-0bc55e0 .jet-listing-dynamic-field .jet-listing-dynamic-field__content{width:auto;}.elementor-43 .elementor-element.elementor-element-0bc55e0 .jet-listing-dynamic-field{justify-content:center;}.elementor-43 .elementor-element.elementor-element-0bc55e0 .jet-listing-dynamic-field__icon{color:var( --e-global-color-accent );font-size:24px;}.elementor-43 .elementor-element.elementor-element-0bc55e0 .jet-listing-dynamic-field__icon svg path{fill:var( --e-global-color-accent );}.elementor-43 .elementor-element.elementor-element-0bc55e0.ha-has-bg-overlay > .elementor-widget-container:before{transition:background 0.3s;}<\/style><div class=\"jet-listing-grid__item jet-listing-dynamic-post-271 jet-equal-columns\" data-post-id=\"271\">\t\t<div data-elementor-type=\"jet-listing-items\" data-elementor-id=\"43\" class=\"elementor elementor-43\" data-elementor-settings=\"[]\">\n\t\t\t\t\t\t<div class=\"elementor-inner\">\n\t\t\t\t\t\t\t<div class=\"elementor-section-wrap\">\n\t\t\t\t\t\t\t<section class=\"elementor-section elementor-top-section elementor-element elementor-element-7b5d94f elementor-section-boxed elementor-section-height-default elementor-section-height-default\" data-id=\"7b5d94f\" data-element_type=\"section\" data-settings=\"{&quot;_ha_eqh_enable&quot;:false}\">\n\t\t\t\t\t\t<div class=\"elementor-container elementor-column-gap-default\">\n\t\t\t\t\t\t\t<div class=\"elementor-row\">\n\t\t\t\t\t<div data-ha-element-link=\"{&quot;url&quot;:&quot;https:\\\/\\\/biava.com.br\\\/ead\\\/cusos\\\/hello-world\\\/&quot;,&quot;is_external&quot;:&quot;&quot;,&quot;nofollow&quot;:&quot;&quot;,&quot;custom_attributes&quot;:&quot;&quot;}\" style=\"cursor: pointer\" class=\"elementor-column elementor-col-100 elementor-top-column elementor-element elementor-element-27502bb\" data-id=\"27502bb\" data-element_type=\"column\" data-settings=\"{&quot;background_background&quot;:&quot;classic&quot;}\">\n\t\t\t<div class=\"elementor-column-wrap elementor-element-populated\">\n\t\t\t\t\t\t\t<div class=\"elementor-widget-wrap\">\n\t\t\t\t\t\t<div class=\"elementor-element elementor-element-0bc55e0 elementor-widget elementor-widget-jet-listing-dynamic-field\" data-id=\"0bc55e0\" data-element_type=\"widget\" data-widget_type=\"jet-listing-dynamic-field.default\">\n\t\t\t\t<div class=\"elementor-widget-container\">\n\t\t\t<div class=\"jet-listing jet-listing-dynamic-field display-inline\"><div class=\"jet-listing-dynamic-field__inline-wrap\"><div class=\"jet-listing-dynamic-field__content\">Hello World<\/div><\/div><\/div>\t\t<\/div>\n\t\t\t\t<\/div>\n\t\t\t\t\t\t<\/div>\n\t\t\t\t\t<\/div>\n\t\t<\/div>\n\t\t\t\t\t\t\t\t<\/div>\n\t\t\t\t\t<\/div>\n\t\t<\/section>\n\t\t\t\t\t\t<\/div>\n\t\t\t\t\t\t<\/div>\n\t\t\t\t\t<\/div>\n\t\t<\/div><div class=\"jet-listing-grid__item jet-listing-dynamic-post-238 jet-equal-columns\" data-post-id=\"238\">\t\t<div data-elementor-type=\"jet-listing-items\" data-elementor-id=\"43\" class=\"elementor elementor-43\" data-elementor-settings=\"[]\">\n\t\t\t\t\t\t<div class=\"elementor-inner\">\n\t\t\t\t\t\t\t<div class=\"elementor-section-wrap\">\n\t\t\t\t\t\t\t<section class=\"elementor-section elementor-top-section elementor-element elementor-element-7b5d94f elementor-section-boxed elementor-section-height-default elementor-section-height-default\" data-id=\"7b5d94f\" data-element_type=\"section\" data-settings=\"{&quot;_ha_eqh_enable&quot;:false}\">\n\t\t\t\t\t\t<div class=\"elementor-container elementor-column-gap-default\">\n\t\t\t\t\t\t\t<div class=\"elementor-row\">\n\t\t\t\t\t<div data-ha-element-link=\"{&quot;url&quot;:&quot;https:\\\/\\\/biava.com.br\\\/ead\\\/cusos\\\/gestao-estrategica-2021\\\/&quot;,&quot;is_external&quot;:&quot;&quot;,&quot;nofollow&quot;:&quot;&quot;,&quot;custom_attributes&quot;:&quot;&quot;}\" style=\"cursor: pointer\" class=\"elementor-column elementor-col-100 elementor-top-column elementor-element elementor-element-27502bb\" data-id=\"27502bb\" data-element_type=\"column\" data-settings=\"{&quot;background_background&quot;:&quot;classic&quot;}\">\n\t\t\t<div class=\"elementor-column-wrap elementor-element-populated\">\n\t\t\t\t\t\t\t<div class=\"elementor-widget-wrap\">\n\t\t\t\t\t\t<div class=\"elementor-element elementor-element-272719f elementor-widget elementor-widget-image\" data-id=\"272719f\" data-element_type=\"widget\" data-widget_type=\"image.default\">\n\t\t\t\t<div class=\"elementor-widget-container\">\n\t\t\t\t\t<div class=\"elementor-image\">\n\t\t\t\t\t\t\t\t\t\t<img loading=\"lazy\" decoding=\"async\" width=\"829\" height=\"552\" src=\"https:\/\/biava.com.br\/ead\/wp-content\/uploads\/2021\/02\/imagem.jpg\" class=\"attachment-full size-full\" alt=\"\" srcset=\"https:\/\/biava.com.br\/ead\/wp-content\/uploads\/2021\/02\/imagem.jpg 829w, https:\/\/biava.com.br\/ead\/wp-content\/uploads\/2021\/02\/imagem-300x200.jpg 300w, https:\/\/biava.com.br\/ead\/wp-content\/uploads\/2021\/02\/imagem-768x511.jpg 768w\" sizes=\"auto, (max-width: 829px) 100vw, 829px\" \/>\t\t\t\t\t\t\t\t\t\t\t<\/div>\n\t\t\t\t<\/div>\n\t\t\t\t<\/div>\n\t\t\t\t<div class=\"elementor-element elementor-element-0bc55e0 elementor-widget elementor-widget-jet-listing-dynamic-field\" data-id=\"0bc55e0\" data-element_type=\"widget\" data-widget_type=\"jet-listing-dynamic-field.default\">\n\t\t\t\t<div class=\"elementor-widget-container\">\n\t\t\t<div class=\"jet-listing jet-listing-dynamic-field display-inline\"><div class=\"jet-listing-dynamic-field__inline-wrap\"><div class=\"jet-listing-dynamic-field__content\">Gest\u00e3o Estrat\u00e9gica 2021<\/div><\/div><\/div>\t\t<\/div>\n\t\t\t\t<\/div>\n\t\t\t\t\t\t<\/div>\n\t\t\t\t\t<\/div>\n\t\t<\/div>\n\t\t\t\t\t\t\t\t<\/div>\n\t\t\t\t\t<\/div>\n\t\t<\/section>\n\t\t\t\t\t\t<\/div>\n\t\t\t\t\t\t<\/div>\n\t\t\t\t\t<\/div>\n\t\t<\/div><div class=\"jet-listing-grid__item jet-listing-dynamic-post-230 jet-equal-columns\" data-post-id=\"230\">\t\t<div data-elementor-type=\"jet-listing-items\" data-elementor-id=\"43\" class=\"elementor elementor-43\" data-elementor-settings=\"[]\">\n\t\t\t\t\t\t<div class=\"elementor-inner\">\n\t\t\t\t\t\t\t<div class=\"elementor-section-wrap\">\n\t\t\t\t\t\t\t<section class=\"elementor-section elementor-top-section elementor-element elementor-element-7b5d94f elementor-section-boxed elementor-section-height-default elementor-section-height-default\" data-id=\"7b5d94f\" data-element_type=\"section\" data-settings=\"{&quot;_ha_eqh_enable&quot;:false}\">\n\t\t\t\t\t\t<div class=\"elementor-container elementor-column-gap-default\">\n\t\t\t\t\t\t\t<div class=\"elementor-row\">\n\t\t\t\t\t<div data-ha-element-link=\"{&quot;url&quot;:&quot;https:\\\/\\\/biava.com.br\\\/ead\\\/cusos\\\/formacao-do-consultor-de-negocios\\\/&quot;,&quot;is_external&quot;:&quot;&quot;,&quot;nofollow&quot;:&quot;&quot;,&quot;custom_attributes&quot;:&quot;&quot;}\" style=\"cursor: pointer\" class=\"elementor-column elementor-col-100 elementor-top-column elementor-element elementor-element-27502bb\" data-id=\"27502bb\" data-element_type=\"column\" data-settings=\"{&quot;background_background&quot;:&quot;classic&quot;}\">\n\t\t\t<div class=\"elementor-column-wrap elementor-element-populated\">\n\t\t\t\t\t\t\t<div class=\"elementor-widget-wrap\">\n\t\t\t\t\t\t<div class=\"elementor-element elementor-element-272719f elementor-widget elementor-widget-image\" data-id=\"272719f\" data-element_type=\"widget\" data-widget_type=\"image.default\">\n\t\t\t\t<div class=\"elementor-widget-container\">\n\t\t\t\t\t<div class=\"elementor-image\">\n\t\t\t\t\t\t\t\t\t\t<img loading=\"lazy\" decoding=\"async\" width=\"600\" height=\"600\" src=\"https:\/\/biava.com.br\/ead\/wp-content\/uploads\/2021\/02\/CAPADOCURSODEFORMAODOCONSULTORDENEGOCIOS.jpg\" class=\"attachment-full size-full\" alt=\"\" srcset=\"https:\/\/biava.com.br\/ead\/wp-content\/uploads\/2021\/02\/CAPADOCURSODEFORMAODOCONSULTORDENEGOCIOS.jpg 600w, https:\/\/biava.com.br\/ead\/wp-content\/uploads\/2021\/02\/CAPADOCURSODEFORMAODOCONSULTORDENEGOCIOS-300x300.jpg 300w, https:\/\/biava.com.br\/ead\/wp-content\/uploads\/2021\/02\/CAPADOCURSODEFORMAODOCONSULTORDENEGOCIOS-150x150.jpg 150w\" sizes=\"auto, (max-width: 600px) 100vw, 600px\" \/>\t\t\t\t\t\t\t\t\t\t\t<\/div>\n\t\t\t\t<\/div>\n\t\t\t\t<\/div>\n\t\t\t\t<div class=\"elementor-element elementor-element-0bc55e0 elementor-widget elementor-widget-jet-listing-dynamic-field\" data-id=\"0bc55e0\" data-element_type=\"widget\" data-widget_type=\"jet-listing-dynamic-field.default\">\n\t\t\t\t<div class=\"elementor-widget-container\">\n\t\t\t<div class=\"jet-listing jet-listing-dynamic-field display-inline\"><div class=\"jet-listing-dynamic-field__inline-wrap\"><div class=\"jet-listing-dynamic-field__content\">Forma\u00e7\u00e3o do consultor de neg\u00f3cios<\/div><\/div><\/div>\t\t<\/div>\n\t\t\t\t<\/div>\n\t\t\t\t\t\t<\/div>\n\t\t\t\t\t<\/div>\n\t\t<\/div>\n\t\t\t\t\t\t\t\t<\/div>\n\t\t\t\t\t<\/div>\n\t\t<\/section>\n\t\t\t\t\t\t<\/div>\n\t\t\t\t\t\t<\/div>\n\t\t\t\t\t<\/div>\n\t\t<\/div><div class=\"jet-listing-grid__item jet-listing-dynamic-post-225 jet-equal-columns\" data-post-id=\"225\">\t\t<div data-elementor-type=\"jet-listing-items\" data-elementor-id=\"43\" class=\"elementor elementor-43\" data-elementor-settings=\"[]\">\n\t\t\t\t\t\t<div class=\"elementor-inner\">\n\t\t\t\t\t\t\t<div class=\"elementor-section-wrap\">\n\t\t\t\t\t\t\t<section class=\"elementor-section elementor-top-section elementor-element elementor-element-7b5d94f elementor-section-boxed elementor-section-height-default elementor-section-height-default\" data-id=\"7b5d94f\" data-element_type=\"section\" data-settings=\"{&quot;_ha_eqh_enable&quot;:false}\">\n\t\t\t\t\t\t<div class=\"elementor-container elementor-column-gap-default\">\n\t\t\t\t\t\t\t<div class=\"elementor-row\">\n\t\t\t\t\t<div data-ha-element-link=\"{&quot;url&quot;:&quot;https:\\\/\\\/biava.com.br\\\/ead\\\/cusos\\\/construindo-valores\\\/&quot;,&quot;is_external&quot;:&quot;&quot;,&quot;nofollow&quot;:&quot;&quot;,&quot;custom_attributes&quot;:&quot;&quot;}\" style=\"cursor: pointer\" class=\"elementor-column elementor-col-100 elementor-top-column elementor-element elementor-element-27502bb\" data-id=\"27502bb\" data-element_type=\"column\" data-settings=\"{&quot;background_background&quot;:&quot;classic&quot;}\">\n\t\t\t<div class=\"elementor-column-wrap elementor-element-populated\">\n\t\t\t\t\t\t\t<div class=\"elementor-widget-wrap\">\n\t\t\t\t\t\t<div class=\"elementor-element elementor-element-272719f elementor-widget elementor-widget-image\" data-id=\"272719f\" data-element_type=\"widget\" data-widget_type=\"image.default\">\n\t\t\t\t<div class=\"elementor-widget-container\">\n\t\t\t\t\t<div class=\"elementor-image\">\n\t\t\t\t\t\t\t\t\t\t<img loading=\"lazy\" decoding=\"async\" width=\"600\" height=\"600\" src=\"https:\/\/biava.com.br\/ead\/wp-content\/uploads\/2021\/02\/CONSTRUINDOVALORES8.jpg\" class=\"attachment-full size-full\" alt=\"\" srcset=\"https:\/\/biava.com.br\/ead\/wp-content\/uploads\/2021\/02\/CONSTRUINDOVALORES8.jpg 600w, https:\/\/biava.com.br\/ead\/wp-content\/uploads\/2021\/02\/CONSTRUINDOVALORES8-300x300.jpg 300w, https:\/\/biava.com.br\/ead\/wp-content\/uploads\/2021\/02\/CONSTRUINDOVALORES8-150x150.jpg 150w\" sizes=\"auto, (max-width: 600px) 100vw, 600px\" \/>\t\t\t\t\t\t\t\t\t\t\t<\/div>\n\t\t\t\t<\/div>\n\t\t\t\t<\/div>\n\t\t\t\t<div class=\"elementor-element elementor-element-0bc55e0 elementor-widget elementor-widget-jet-listing-dynamic-field\" data-id=\"0bc55e0\" data-element_type=\"widget\" data-widget_type=\"jet-listing-dynamic-field.default\">\n\t\t\t\t<div class=\"elementor-widget-container\">\n\t\t\t<div class=\"jet-listing jet-listing-dynamic-field display-inline\"><div class=\"jet-listing-dynamic-field__inline-wrap\"><div class=\"jet-listing-dynamic-field__content\">Construindo Valores<\/div><\/div><\/div>\t\t<\/div>\n\t\t\t\t<\/div>\n\t\t\t\t\t\t<\/div>\n\t\t\t\t\t<\/div>\n\t\t<\/div>\n\t\t\t\t\t\t\t\t<\/div>\n\t\t\t\t\t<\/div>\n\t\t<\/section>\n\t\t\t\t\t\t<\/div>\n\t\t\t\t\t\t<\/div>\n\t\t\t\t\t<\/div>\n\t\t<\/div><div class=\"jet-listing-grid__item jet-listing-dynamic-post-19 jet-equal-columns\" data-post-id=\"19\">\t\t<div data-elementor-type=\"jet-listing-items\" data-elementor-id=\"43\" class=\"elementor elementor-43\" data-elementor-settings=\"[]\">\n\t\t\t\t\t\t<div class=\"elementor-inner\">\n\t\t\t\t\t\t\t<div class=\"elementor-section-wrap\">\n\t\t\t\t\t\t\t<section class=\"elementor-section elementor-top-section elementor-element elementor-element-7b5d94f elementor-section-boxed elementor-section-height-default elementor-section-height-default\" data-id=\"7b5d94f\" data-element_type=\"section\" data-settings=\"{&quot;_ha_eqh_enable&quot;:false}\">\n\t\t\t\t\t\t<div class=\"elementor-container elementor-column-gap-default\">\n\t\t\t\t\t\t\t<div class=\"elementor-row\">\n\t\t\t\t\t<div data-ha-element-link=\"{&quot;url&quot;:&quot;https:\\\/\\\/biava.com.br\\\/ead\\\/cusos\\\/gestao-estrategica-de-negocios\\\/&quot;,&quot;is_external&quot;:&quot;&quot;,&quot;nofollow&quot;:&quot;&quot;,&quot;custom_attributes&quot;:&quot;&quot;}\" style=\"cursor: pointer\" class=\"elementor-column elementor-col-100 elementor-top-column elementor-element elementor-element-27502bb\" data-id=\"27502bb\" data-element_type=\"column\" data-settings=\"{&quot;background_background&quot;:&quot;classic&quot;}\">\n\t\t\t<div class=\"elementor-column-wrap elementor-element-populated\">\n\t\t\t\t\t\t\t<div class=\"elementor-widget-wrap\">\n\t\t\t\t\t\t<div class=\"elementor-element elementor-element-272719f elementor-widget elementor-widget-image\" data-id=\"272719f\" data-element_type=\"widget\" data-widget_type=\"image.default\">\n\t\t\t\t<div class=\"elementor-widget-container\">\n\t\t\t\t\t<div class=\"elementor-image\">\n\t\t\t\t\t\t\t\t\t\t<img loading=\"lazy\" decoding=\"async\" width=\"730\" height=\"487\" src=\"https:\/\/biava.com.br\/ead\/wp-content\/uploads\/2021\/01\/gestao_de_negocios.jpg\" class=\"attachment-full size-full\" alt=\"\" srcset=\"https:\/\/biava.com.br\/ead\/wp-content\/uploads\/2021\/01\/gestao_de_negocios.jpg 730w, https:\/\/biava.com.br\/ead\/wp-content\/uploads\/2021\/01\/gestao_de_negocios-300x200.jpg 300w\" sizes=\"auto, (max-width: 730px) 100vw, 730px\" \/>\t\t\t\t\t\t\t\t\t\t\t<\/div>\n\t\t\t\t<\/div>\n\t\t\t\t<\/div>\n\t\t\t\t<div class=\"elementor-element elementor-element-0bc55e0 elementor-widget elementor-widget-jet-listing-dynamic-field\" data-id=\"0bc55e0\" data-element_type=\"widget\" data-widget_type=\"jet-listing-dynamic-field.default\">\n\t\t\t\t<div class=\"elementor-widget-container\">\n\t\t\t<div class=\"jet-listing jet-listing-dynamic-field display-inline\"><div class=\"jet-listing-dynamic-field__inline-wrap\"><div class=\"jet-listing-dynamic-field__content\">Gest\u00e3o estrat\u00e9gica de neg\u00f3cios<\/div><\/div><\/div>\t\t<\/div>\n\t\t\t\t<\/div>\n\t\t\t\t\t\t<\/div>\n\t\t\t\t\t<\/div>\n\t\t<\/div>\n\t\t\t\t\t\t\t\t<\/div>\n\t\t\t\t\t<\/div>\n\t\t<\/section>\n\t\t\t\t\t\t<\/div>\n\t\t\t\t\t\t<\/div>\n\t\t\t\t\t<\/div>\n\t\t<\/div><\/div><\/div>\t\t<\/div>\n\t\t\t\t<\/div>\n\t\t\t\t\t\t<\/div>\n\t\t\t\t\t<\/div>\n\t\t<\/div>\n\t\t\t\t\t\t\t\t<\/div>\n\t\t\t\t\t<\/div>\n\t\t<\/section>\n\t\t\t\t\t\t<\/div>\n\t\t\t\t\t\t<\/div>\n\t\t\t\t\t<\/div>\n\t\t","protected":false},"excerpt":{"rendered":"<p>&#8220;&#8230;\u00a0 DEDICAR O MELHOR DE NOSSOS ESFOR\u00c7OS PARA ATINGIR O INATING\u00cdVEL E NUNCA PARAR DE APRENDER.\u00a0&#8220; Ludwig van Beethoven Conhe\u00e7a nossos cursos Gest\u00e3o Estrat\u00e9gica 2021 Forma\u00e7\u00e3o do consultor de neg\u00f3cios Construindo Valores Gest\u00e3o estrat\u00e9gica de neg\u00f3cios<\/p>\n","protected":false},"author":1,"featured_media":0,"parent":0,"menu_order":0,"comment_status":"closed","ping_status":"closed","template":"elementor_header_footer","meta":{"footnotes":""},"class_list":["post-32","page","type-page","status-publish","hentry"],"_links":{"self":[{"href":"https:\/\/biava.com.br\/ead\/wp-json\/wp\/v2\/pages\/32","targetHints":{"allow":["GET"]}}],"collection":[{"href":"https:\/\/biava.com.br\/ead\/wp-json\/wp\/v2\/pages"}],"about":[{"href":"https:\/\/biava.com.br\/ead\/wp-json\/wp\/v2\/types\/page"}],"author":[{"embeddable":true,"href":"https:\/\/biava.com.br\/ead\/wp-json\/wp\/v2\/users\/1"}],"replies":[{"embeddable":true,"href":"https:\/\/biava.com.br\/ead\/wp-json\/wp\/v2\/comments?post=32"}],"version-history":[{"count":72,"href":"https:\/\/biava.com.br\/ead\/wp-json\/wp\/v2\/pages\/32\/revisions"}],"predecessor-version":[{"id":4493,"href":"https:\/\/biava.com.br\/ead\/wp-json\/wp\/v2\/pages\/32\/revisions\/4493"}],"wp:attachment":[{"href":"https:\/\/biava.com.br\/ead\/wp-json\/wp\/v2\/media?parent=32"}],"curies":[{"name":"wp","href":"https:\/\/api.w.org\/{rel}","templated":true}]}}